{"id":280,"date":"2020-04-27T18:15:54","date_gmt":"2020-04-27T16:15:54","guid":{"rendered":"https:\/\/imks.fr\/?page_id=280"},"modified":"2020-04-27T18:19:41","modified_gmt":"2020-04-27T16:19:41","slug":"en-savoir-plus-sur-les-cookies","status":"publish","type":"page","link":"https:\/\/imks.fr\/index.php\/en-savoir-plus-sur-les-cookies\/","title":{"rendered":"En savoir plus sur les cookies"},"content":{"rendered":"<p><strong>Accepter ou refuser les cookies<\/strong><br \/>\nVous disposez de diff\u00e9rents moyens pour g\u00e9rer les cookies.<br \/>\nLe param\u00e9trage de votre navigateur internet<br \/>\nVous pouvez \u00e0 tout moment choisir de d\u00e9sactiver ces cookies. Votre navigateur peut \u00e9galement \u00eatre param\u00e9tr\u00e9 pour vous signaler les cookies qui sont d\u00e9pos\u00e9s dans votre ordinateur et vous demander de les accepter ou non. Vous pouvez accepter ou refuser les cookies au cas par cas ou bien les refuser syst\u00e9matiquement une fois pour toutes.<\/p>\n<p>Nous vous rappelons que le param\u00e9trage est susceptible de modifier vos conditions d\u2019acc\u00e8s \u00e0 nos services n\u00e9cessitant l\u2019utilisation de cookies.<\/p>\n<p>Si votre navigateur est configur\u00e9 de mani\u00e8re \u00e0 refuser l\u2019ensemble des cookies, vous ne pourrez pas effectuer profiter de fonctions essentielles de notre site. Afin de g\u00e9rer les cookies au plus pr\u00e8s de vos attentes nous vous invitons \u00e0 param\u00e9trer votre navigateur en tenant compte de la finalit\u00e9 des cookies telle que mentionn\u00e9e ci-avant.<\/p>\n<p>Voici comment contr\u00f4ler ou emp\u00eacher l\u2019enregistrement des cookies.<\/p>\n<p>La configuration de chaque navigateur est diff\u00e9rente. Elle est d\u00e9crite dans le menu d\u2019aide de votre navigateur, qui vous permettra de savoir de quelle mani\u00e8re modifier vos souhaits en mati\u00e8re de cookies.<br \/>\nVous pouvez d\u00e9sactiver les cookies en suivant les instructions comme suit :<\/p>\n<p><strong>a\/ si vous utilisez le navigateur Internet Explorer<\/strong><\/p>\n<ol>\n<li>Cliquez sur l\u2019ic\u00f4ne de roue dent\u00e9e en haut \u00e0 droite de l\u2019\u00e9cran<\/li>\n<li>Options internet<\/li>\n<li>Onglet Confidentialit\u00e9 &gt; Sites<\/li>\n<li>Cliquez sur Tout supprimer (ou s\u00e9lectionnez le cookie d\u00e9sir\u00e9 et cliquez sur Supprimer)<\/li>\n<\/ol>\n<p><strong>b\/ si vous utilisez le navigateur Firefox<\/strong><\/p>\n<ol>\n<li>Allez dans le menu hamburger&gt;Options<\/li>\n<li>Dans la fen\u00eatre qui s\u2019affiche, choisissez \u00ab Vie priv\u00e9e et s\u00e9curit\u00e9 \u00bb et cliquez sur \u00a0\u00bb Cookies et donn\u00e9es de sites \u00bb&gt;G\u00e9rer les donn\u00e9es\u2026<\/li>\n<li>Rep\u00e9rez les fichiers qui contiennent le nom \u00a0\u00bb le nom de votre site \u00a0\u00bb S\u00e9lectionnez-les et supprimez-les.<\/li>\n<\/ol>\n<p><strong>c\/ si vous utilisez le navigateur Safari<\/strong><\/p>\n<ol>\n<li>Ouvrez Safari.<\/li>\n<li>Cliquez sur Safari dans la barre des menus.<\/li>\n<li>S\u00e9lectionnez Pr\u00e9f\u00e9rences\u2026<\/li>\n<li>S\u00e9lectionner l\u2019onglet Confidentialit\u00e9<\/li>\n<li>Cliquez sur d\u00e9tails et Supprimer dans le champ Cookies et autres donn\u00e9es de sites web et supprimer<\/li>\n<\/ol>\n<p><strong>d\/ si vous utilisez le navigateur Google Chrome<\/strong><\/p>\n<ol>\n<li>Sur votre ordinateur, ouvrez Chrome.<\/li>\n<li>Dans l\u2019angle sup\u00e9rieur droit, cliquez sur Plus Param\u00e8tres.<\/li>\n<li>En bas, cliquez sur Param\u00e8tres avanc\u00e9s.<\/li>\n<li>Dans la section \u00ab Confidentialit\u00e9 et s\u00e9curit\u00e9 \u00bb, cliquez sur Param\u00e8tres du contenu.<\/li>\n<li>Cliquez sur Cookies.<\/li>\n<li>Dans la section \u00ab Ensemble des cookies et donn\u00e9es de site \u00bb, recherchez le nom du site Web.<\/li>\n<li>\u00c0 droite du site, cliquez sur Supprimer .<\/li>\n<\/ol>\n","protected":false},"excerpt":{"rendered":"<p>Accepter ou refuser les cookies Vous disposez de diff\u00e9rents moyens pour g\u00e9rer les cookies. Le param\u00e9trage de votre navigateur internet Vous pouvez \u00e0 tout moment choisir de d\u00e9sactiver ces cookies. Votre navigateur peut \u00e9galement \u00eatre param\u00e9tr\u00e9 pour vous signaler les cookies qui sont d\u00e9pos\u00e9s dans votre ordinateur et vous demander [&hellip;]<\/p>\n","protected":false},"author":1,"featured_media":0,"parent":0,"menu_order":0,"comment_status":"closed","ping_status":"closed","template":"","meta":{"footnotes":""},"class_list":["post-280","page","type-page","status-publish","hentry"],"yoast_head":"<!-- This site is optimized with the Yoast SEO plugin v26.6 - https:\/\/yoast.com\/wordpress\/plugins\/seo\/ -->\n<title>En savoir plus sur les cookies - IMKS<\/title>\n<meta name=\"robots\" content=\"index, follow, max-snippet:-1, max-image-preview:large, max-video-preview:-1\" \/>\n<link rel=\"canonical\" href=\"https:\/\/imks.fr\/index.php\/en-savoir-plus-sur-les-cookies\/\" \/>\n<meta property=\"og:locale\" content=\"fr_FR\" \/>\n<meta property=\"og:type\" content=\"article\" \/>\n<meta property=\"og:title\" content=\"En savoir plus sur les cookies - IMKS\" \/>\n<meta property=\"og:description\" content=\"Accepter ou refuser les cookies Vous disposez de diff\u00e9rents moyens pour g\u00e9rer les cookies. Le param\u00e9trage de votre navigateur internet Vous pouvez \u00e0 tout moment choisir de d\u00e9sactiver ces cookies. Votre navigateur peut \u00e9galement \u00eatre param\u00e9tr\u00e9 pour vous signaler les cookies qui sont d\u00e9pos\u00e9s dans votre ordinateur et vous demander [&hellip;]\" \/>\n<meta property=\"og:url\" content=\"https:\/\/imks.fr\/index.php\/en-savoir-plus-sur-les-cookies\/\" \/>\n<meta property=\"og:site_name\" content=\"IMKS\" \/>\n<meta property=\"article:publisher\" content=\"https:\/\/www.facebook.com\/imkscolmar\/\" \/>\n<meta property=\"article:modified_time\" content=\"2020-04-27T16:19:41+00:00\" \/>\n<meta name=\"twitter:card\" content=\"summary_large_image\" \/>\n<meta name=\"twitter:label1\" content=\"Dur\u00e9e de lecture estim\u00e9e\" \/>\n\t<meta name=\"twitter:data1\" content=\"2 minutes\" \/>\n<script type=\"application\/ld+json\" class=\"yoast-schema-graph\">{\"@context\":\"https:\/\/schema.org\",\"@graph\":[{\"@type\":\"WebPage\",\"@id\":\"https:\/\/imks.fr\/index.php\/en-savoir-plus-sur-les-cookies\/\",\"url\":\"https:\/\/imks.fr\/index.php\/en-savoir-plus-sur-les-cookies\/\",\"name\":\"En savoir plus sur les cookies - IMKS\",\"isPartOf\":{\"@id\":\"https:\/\/imks.fr\/#website\"},\"datePublished\":\"2020-04-27T16:15:54+00:00\",\"dateModified\":\"2020-04-27T16:19:41+00:00\",\"breadcrumb\":{\"@id\":\"https:\/\/imks.fr\/index.php\/en-savoir-plus-sur-les-cookies\/#breadcrumb\"},\"inLanguage\":\"fr-FR\",\"potentialAction\":[{\"@type\":\"ReadAction\",\"target\":[\"https:\/\/imks.fr\/index.php\/en-savoir-plus-sur-les-cookies\/\"]}]},{\"@type\":\"BreadcrumbList\",\"@id\":\"https:\/\/imks.fr\/index.php\/en-savoir-plus-sur-les-cookies\/#breadcrumb\",\"itemListElement\":[{\"@type\":\"ListItem\",\"position\":1,\"name\":\"Accueil\",\"item\":\"https:\/\/imks.fr\/\"},{\"@type\":\"ListItem\",\"position\":2,\"name\":\"En savoir plus sur les cookies\"}]},{\"@type\":\"WebSite\",\"@id\":\"https:\/\/imks.fr\/#website\",\"url\":\"https:\/\/imks.fr\/\",\"name\":\"IMKS\",\"description\":\"Club de Karat\u00e9 de Colmar\",\"publisher\":{\"@id\":\"https:\/\/imks.fr\/#organization\"},\"potentialAction\":[{\"@type\":\"SearchAction\",\"target\":{\"@type\":\"EntryPoint\",\"urlTemplate\":\"https:\/\/imks.fr\/?s={search_term_string}\"},\"query-input\":{\"@type\":\"PropertyValueSpecification\",\"valueRequired\":true,\"valueName\":\"search_term_string\"}}],\"inLanguage\":\"fr-FR\"},{\"@type\":\"Organization\",\"@id\":\"https:\/\/imks.fr\/#organization\",\"name\":\"IMKS\",\"url\":\"https:\/\/imks.fr\/\",\"logo\":{\"@type\":\"ImageObject\",\"inLanguage\":\"fr-FR\",\"@id\":\"https:\/\/imks.fr\/#\/schema\/logo\/image\/\",\"url\":\"https:\/\/imks.fr\/wp-content\/uploads\/2019\/03\/Logo-man-IMKS.png\",\"contentUrl\":\"https:\/\/imks.fr\/wp-content\/uploads\/2019\/03\/Logo-man-IMKS.png\",\"width\":164,\"height\":160,\"caption\":\"IMKS\"},\"image\":{\"@id\":\"https:\/\/imks.fr\/#\/schema\/logo\/image\/\"},\"sameAs\":[\"https:\/\/www.facebook.com\/imkscolmar\/\"]}]}<\/script>\n<!-- \/ Yoast SEO plugin. -->","yoast_head_json":{"title":"En savoir plus sur les cookies - IMKS","robots":{"index":"index","follow":"follow","max-snippet":"max-snippet:-1","max-image-preview":"max-image-preview:large","max-video-preview":"max-video-preview:-1"},"canonical":"https:\/\/imks.fr\/index.php\/en-savoir-plus-sur-les-cookies\/","og_locale":"fr_FR","og_type":"article","og_title":"En savoir plus sur les cookies - IMKS","og_description":"Accepter ou refuser les cookies Vous disposez de diff\u00e9rents moyens pour g\u00e9rer les cookies. Le param\u00e9trage de votre navigateur internet Vous pouvez \u00e0 tout moment choisir de d\u00e9sactiver ces cookies. Votre navigateur peut \u00e9galement \u00eatre param\u00e9tr\u00e9 pour vous signaler les cookies qui sont d\u00e9pos\u00e9s dans votre ordinateur et vous demander [&hellip;]","og_url":"https:\/\/imks.fr\/index.php\/en-savoir-plus-sur-les-cookies\/","og_site_name":"IMKS","article_publisher":"https:\/\/www.facebook.com\/imkscolmar\/","article_modified_time":"2020-04-27T16:19:41+00:00","twitter_card":"summary_large_image","twitter_misc":{"Dur\u00e9e de lecture estim\u00e9e":"2 minutes"},"schema":{"@context":"https:\/\/schema.org","@graph":[{"@type":"WebPage","@id":"https:\/\/imks.fr\/index.php\/en-savoir-plus-sur-les-cookies\/","url":"https:\/\/imks.fr\/index.php\/en-savoir-plus-sur-les-cookies\/","name":"En savoir plus sur les cookies - IMKS","isPartOf":{"@id":"https:\/\/imks.fr\/#website"},"datePublished":"2020-04-27T16:15:54+00:00","dateModified":"2020-04-27T16:19:41+00:00","breadcrumb":{"@id":"https:\/\/imks.fr\/index.php\/en-savoir-plus-sur-les-cookies\/#breadcrumb"},"inLanguage":"fr-FR","potentialAction":[{"@type":"ReadAction","target":["https:\/\/imks.fr\/index.php\/en-savoir-plus-sur-les-cookies\/"]}]},{"@type":"BreadcrumbList","@id":"https:\/\/imks.fr\/index.php\/en-savoir-plus-sur-les-cookies\/#breadcrumb","itemListElement":[{"@type":"ListItem","position":1,"name":"Accueil","item":"https:\/\/imks.fr\/"},{"@type":"ListItem","position":2,"name":"En savoir plus sur les cookies"}]},{"@type":"WebSite","@id":"https:\/\/imks.fr\/#website","url":"https:\/\/imks.fr\/","name":"IMKS","description":"Club de Karat\u00e9 de Colmar","publisher":{"@id":"https:\/\/imks.fr\/#organization"},"potentialAction":[{"@type":"SearchAction","target":{"@type":"EntryPoint","urlTemplate":"https:\/\/imks.fr\/?s={search_term_string}"},"query-input":{"@type":"PropertyValueSpecification","valueRequired":true,"valueName":"search_term_string"}}],"inLanguage":"fr-FR"},{"@type":"Organization","@id":"https:\/\/imks.fr\/#organization","name":"IMKS","url":"https:\/\/imks.fr\/","logo":{"@type":"ImageObject","inLanguage":"fr-FR","@id":"https:\/\/imks.fr\/#\/schema\/logo\/image\/","url":"https:\/\/imks.fr\/wp-content\/uploads\/2019\/03\/Logo-man-IMKS.png","contentUrl":"https:\/\/imks.fr\/wp-content\/uploads\/2019\/03\/Logo-man-IMKS.png","width":164,"height":160,"caption":"IMKS"},"image":{"@id":"https:\/\/imks.fr\/#\/schema\/logo\/image\/"},"sameAs":["https:\/\/www.facebook.com\/imkscolmar\/"]}]}},"_links":{"self":[{"href":"https:\/\/imks.fr\/index.php\/wp-json\/wp\/v2\/pages\/280","targetHints":{"allow":["GET"]}}],"collection":[{"href":"https:\/\/imks.fr\/index.php\/wp-json\/wp\/v2\/pages"}],"about":[{"href":"https:\/\/imks.fr\/index.php\/wp-json\/wp\/v2\/types\/page"}],"author":[{"embeddable":true,"href":"https:\/\/imks.fr\/index.php\/wp-json\/wp\/v2\/users\/1"}],"replies":[{"embeddable":true,"href":"https:\/\/imks.fr\/index.php\/wp-json\/wp\/v2\/comments?post=280"}],"version-history":[{"count":3,"href":"https:\/\/imks.fr\/index.php\/wp-json\/wp\/v2\/pages\/280\/revisions"}],"predecessor-version":[{"id":283,"href":"https:\/\/imks.fr\/index.php\/wp-json\/wp\/v2\/pages\/280\/revisions\/283"}],"wp:attachment":[{"href":"https:\/\/imks.fr\/index.php\/wp-json\/wp\/v2\/media?parent=280"}],"curies":[{"name":"wp","href":"https:\/\/api.w.org\/{rel}","templated":true}]}}